{"id":2003,"date":"2022-02-09T01:36:22","date_gmt":"2022-02-09T01:36:22","guid":{"rendered":"https:\/\/looplabbbackup.kinsta.cloud\/de\/?page_id=2003"},"modified":"2022-05-02T22:50:44","modified_gmt":"2022-05-02T22:50:44","slug":"agb","status":"publish","type":"page","link":"https:\/\/looplabbbackup.kinsta.cloud\/de\/agb\/","title":{"rendered":"AGB"},"content":{"rendered":"<h1>Allgemeine Gesch\u00e4ftbedingugen<\/h1>\n<p><strong>\u00a7 1 Geltungsbereich, Kundeninformationen<br \/>\n<\/strong>Die folgenden allgemeinen Gesch\u00e4ftsbedingungen (AGB) regeln das Vertragsverh\u00e4ltnis zwischen Looplabb BV (looplabbbackup.kinsta.cloud) und den Verbrauchern und Unternehmern, die \u00fcber unseren Shop Waren kaufen. Entgegenstehende oder von unseren Gesch\u00e4ftsbedingungen abweichende Bedingungen werden von uns nicht anerkannt. Die Vertragssprache ist Deutsch.<\/p>\n<p><strong>\u00a7 2 Vertragsschluss<\/strong><br \/>\n(1) Die Angebote im Internet stellen eine unverbindliche Aufforderung an Sie dar, Waren zu kaufen.<\/p>\n<p>(2) Sie k\u00f6nnen ein oder mehrere Produkte in den Warenkorb legen. Im Laufe des Bestellprozesses geben Sie Ihre Daten und W\u00fcnsche bzgl. Zahlungsart, Liefermodalit\u00e4ten etc. ein. Erst mit dem Anklicken des Bestellbuttons geben Sie ein verbindliches Angebot auf Abschluss eines Kaufvertrags ab.<\/p>\n<p>(3) Mit der unverz\u00fcglich per E-Mail versandten Zugangsbest\u00e4tigung wird gleichzeitig auch die Annahme des Angebots erkl\u00e4rt und der Kaufvertrag damit abgeschlossen.<\/p>\n<p><strong>\u00a7 3 Kundeninformation: Speicherung des Vertragstextes<br \/>\n<\/strong>Ihre Bestellung mit Einzelheiten zum geschlossenen Vertrag (z. B. Art des Produkts, Preis etc.) wird von uns gespeichert. Die AGB schicken wir Ihnen zu, Sie k\u00f6nnen die AGB aber auch nach Vertragsschluss jederzeit \u00fcber unsere Webseite aufrufen. Als registrierter Kunde k\u00f6nnen Sie auf Ihre vergangenen Bestellungen \u00fcber den Kunden LogIn-Bereich (Mein Konto) zugreifen.<\/p>\n<p><strong>\u00a7 4 Kundeninformation: Korrekturhinweis<br \/>\n<\/strong>Sie k\u00f6nnen Ihre Eingaben vor Abgabe der Bestellung jederzeit mit der L\u00f6schtaste berichtigen. Wir informieren Sie auf dem Weg durch den Bestellprozess \u00fcber weitere Korrekturm\u00f6glichkeiten. Den Bestellprozess k\u00f6nnen Sie auch jederzeit durch Schlie\u00dfen des Browser-Fensters komplett beenden.<\/p>\n<p><strong>\u00a7 5 Kundeninformation: Verhaltenskodex<\/strong><br \/>\nWir haben uns folgendem Verhaltenskodex unterworfen: www.ehi-siegel.de<\/p>\n<p><strong>\u00a7 6 Gesetzliche M\u00e4ngelhaftungsrechte<\/strong><br \/>\nF\u00fcr unsere Waren bestehen gesetzliche M\u00e4ngelhaftungsrechte.<\/p>\n<p><strong>\u00a7 7 Verbraucherinformation: Teilnahme an janoFair<\/strong><br \/>\nWir nehmen an janoFair teil. janoFair ist eine Alternative zu den staatlich anerkannten Verbraucherschlichtungsstellen. Falls wir Meinungsverschiedenheiten aus unserem Vertragsverh\u00e4ltnis nicht einvernehmlich beilegen k\u00f6nnen, steht Ihnen das kostenlose Streitbeilegungsverfahren von janoFair zur Verf\u00fcgung. Die Verj\u00e4hrung etwaiger Anspr\u00fcche ist f\u00fcr die Dauer dieses Verfahrens ausgeschlossen. Sollte auch dort keine Einigung erzielt werden, steht weiterhin der Rechtsweg offen.<\/p>\n<p><a href=\"https:\/\/looplabbbackup.kinsta.cloud\/de\/wp-content\/uploads\/sites\/4\/2022\/05\/AGB_looplabb.pdf\" target=\"_blank\" rel=\"noopener\">Diesen Text als PDF herunterladen<\/a><\/p>\n<p><strong> AGB-speichern-drucken<\/strong><br \/>\nF\u00fcr die Anzeige von PDF-Dokumenten ben\u00f6tigen Sie den Adobe Reader, den Sie hier kostenlos herunterladen k\u00f6nnen:<br \/>\n<a href=\"https:\/\/get.adobe.com\/reader\/?loc=de\" target=\"_blank\" rel=\"noopener\">https:\/\/get.adobe.com\/reader\/?loc=de<\/a><\/p>\n","protected":false},"excerpt":{"rendered":"<p>Allgemeine Gesch\u00e4ftbedingugen \u00a7 1 Geltungsbereich, Kundeninformationen Die folgenden allgemeinen Gesch\u00e4ftsbedingungen (AGB) regeln das Vertragsverh\u00e4ltnis zwischen Looplabb BV (looplabbbackup.kinsta.cloud) und den Verbrauchern und Unternehmern, die \u00fcber unseren Shop Waren kaufen. Entgegenstehende&#8230;<\/p>\n","protected":false},"author":1,"featured_media":0,"parent":0,"menu_order":0,"comment_status":"closed","ping_status":"closed","template":"content-page.php","meta":{"_acf_changed":false,"_seopress_robots_primary_cat":"","_seopress_titles_title":"","_seopress_titles_desc":"","_seopress_robots_index":"","footnotes":""},"acf":[],"_links":{"self":[{"href":"https:\/\/looplabbbackup.kinsta.cloud\/de\/wp-json\/wp\/v2\/pages\/2003"}],"collection":[{"href":"https:\/\/looplabbbackup.kinsta.cloud\/de\/wp-json\/wp\/v2\/pages"}],"about":[{"href":"https:\/\/looplabbbackup.kinsta.cloud\/de\/wp-json\/wp\/v2\/types\/page"}],"author":[{"embeddable":true,"href":"https:\/\/looplabbbackup.kinsta.cloud\/de\/wp-json\/wp\/v2\/users\/1"}],"replies":[{"embeddable":true,"href":"https:\/\/looplabbbackup.kinsta.cloud\/de\/wp-json\/wp\/v2\/comments?post=2003"}],"version-history":[{"count":2,"href":"https:\/\/looplabbbackup.kinsta.cloud\/de\/wp-json\/wp\/v2\/pages\/2003\/revisions"}],"predecessor-version":[{"id":2402,"href":"https:\/\/looplabbbackup.kinsta.cloud\/de\/wp-json\/wp\/v2\/pages\/2003\/revisions\/2402"}],"wp:attachment":[{"href":"https:\/\/looplabbbackup.kinsta.cloud\/de\/wp-json\/wp\/v2\/media?parent=2003"}],"curies":[{"name":"wp","href":"https:\/\/api.w.org\/{rel}","templated":true}]}}